{"id":3816,"date":"2022-12-21T09:32:26","date_gmt":"2022-12-21T08:32:26","guid":{"rendered":"https:\/\/shop2go.dk\/anhaenger-mieten\/"},"modified":"2025-06-24T09:35:14","modified_gmt":"2025-06-24T07:35:14","slug":"anhaenger-mieten","status":"publish","type":"page","link":"https:\/\/shop2go.dk\/de\/anhaenger-mieten\/","title":{"rendered":"Anh\u00e4nger mieten"},"content":{"rendered":"<section class=\"wpb-content-wrapper\"><p>[vc_row full_width=&#8220;stretch_row&#8220;][vc_column]<div class=\"ult-spacer spacer-69edf3215e568\" data-id=\"69edf3215e568\" data-height=\"90\" data-height-mobile=\"60\" data-height-tab=\"90\" data-height-tab-portrait=\"60\" data-height-mobile-landscape=\"60\" style=\"clear:both;display:block;\"><\/div>[vc_column_text]<\/p>\n<h1>Anh\u00e4nger mieten<\/h1>\n<p>[\/vc_column_text][vc_empty_space height=&#8220;15px&#8220;][vc_row_inner][vc_column_inner width=&#8220;1\/2&#8243;][vc_column_text]Mieten Sie einen Anh\u00e4nger f\u00fcr Gro\u00dfes und Kleines<br \/>\nVielleicht m\u00fcssen Sie umziehen, Gartenabf\u00e4lle transportieren oder einen Ausflug zum Recyclinghof machen. Was auch immer Ihre Bed\u00fcrfnisse und W\u00fcnsche sind, Sie k\u00f6nnen bei Shop2Go einen passenden Anh\u00e4nger mieten. <\/p>\n<p><strong>Wir bieten vier verschiedene Anh\u00e4ngertypen an.<\/strong>[\/vc_column_text]<div class=\"ult-spacer spacer-69edf3215e5ba\" data-id=\"69edf3215e5ba\" data-height=\"0\" data-height-mobile=\"15\" data-height-tab=\"0\" data-height-tab-portrait=\"0\" data-height-mobile-landscape=\"15\" style=\"clear:both;display:block;\"><\/div>[\/vc_column_inner][vc_column_inner width=&#8220;1\/2&#8243;][\/vc_column_inner][\/vc_row_inner]<div class=\"ult-spacer spacer-69edf3215e5fa\" data-id=\"69edf3215e5fa\" data-height=\"90\" data-height-mobile=\"60\" data-height-tab=\"90\" data-height-tab-portrait=\"60\" data-height-mobile-landscape=\"60\" style=\"clear:both;display:block;\"><\/div>[\/vc_column][\/vc_row][vc_row full_width=&#8220;stretch_row&#8220; css=&#8220;.vc_custom_1671615302421{background-color: #f7f7f7 !important;}&#8220;][vc_column]<div class=\"ult-spacer spacer-69edf3215e623\" data-id=\"69edf3215e623\" data-height=\"90\" data-height-mobile=\"60\" data-height-tab=\"90\" data-height-tab-portrait=\"60\" data-height-mobile-landscape=\"60\" style=\"clear:both;display:block;\"><\/div>[vc_row_inner][vc_column_inner width=&#8220;1\/3&#8243;][vc_column_text]<\/p>\n<h3>Umzugswagen<\/h3>\n<p>[\/vc_column_text][vc_empty_space height=&#8220;30px&#8220;][vc_raw_html]W3RhYmxlIGlkPSI1IiByZXNwb25zaXZlPSJzdGFjayIgcmVzcG9uc2l2ZV9icmVha3BvaW50PSJwaG9uZSIgL10=[\/vc_raw_html]<div class=\"ult-spacer spacer-69edf3215e64f\" data-id=\"69edf3215e64f\" data-height=\"0\" data-height-mobile=\"30\" data-height-tab=\"0\" data-height-tab-portrait=\"0\" data-height-mobile-landscape=\"30\" style=\"clear:both;display:block;\"><\/div>[\/vc_column_inner][vc_column_inner width=&#8220;1\/3&#8243;][vc_column_text]<\/p>\n<h3>Anh\u00e4nger mit offenem Gitter<\/h3>\n<p>[\/vc_column_text][vc_empty_space height=&#8220;30px&#8220;][vc_raw_html]W3RhYmxlIGlkPSI2IiByZXNwb25zaXZlPSJzdGFjayIgcmVzcG9uc2l2ZV9icmVha3BvaW50PSJwaG9uZSIgL10=[\/vc_raw_html][\/vc_column_inner][vc_column_inner width=&#8220;1\/3&#8243;][vc_column_text]<\/p>\n<h3>Pferdeanh\u00e4nger<\/h3>\n<p>[\/vc_column_text][vc_empty_space height=&#8220;30px&#8220;][vc_raw_html]W3RhYmxlIGlkPSI3IiByZXNwb25zaXZlPSJzdGFjayIgcmVzcG9uc2l2ZV9icmVha3BvaW50PSJwaG9uZSIgL10=[\/vc_raw_html][\/vc_column_inner][\/vc_row_inner]<div class=\"ult-spacer spacer-69edf3215e679\" data-id=\"69edf3215e679\" data-height=\"60\" data-height-mobile=\"30\" data-height-tab=\"60\" data-height-tab-portrait=\"30\" data-height-mobile-landscape=\"30\" style=\"clear:both;display:block;\"><\/div>[vc_row_inner][vc_column_inner width=&#8220;1\/3&#8243;][vc_column_text]<\/p>\n<h3>Kleiner Anh\u00e4nger<\/h3>\n<p>[\/vc_column_text][vc_empty_space height=&#8220;30px&#8220;][vc_raw_html]W3RhYmxlIGlkPSI4IiByZXNwb25zaXZlPSJzdGFjayIgcmVzcG9uc2l2ZV9icmVha3BvaW50PSJwaG9uZSIgL10=[\/vc_raw_html]<div class=\"ult-spacer spacer-69edf3215e69d\" data-id=\"69edf3215e69d\" data-height=\"0\" data-height-mobile=\"30\" data-height-tab=\"0\" data-height-tab-portrait=\"0\" data-height-mobile-landscape=\"30\" style=\"clear:both;display:block;\"><\/div>[\/vc_column_inner][vc_column_inner width=&#8220;1\/3&#8243;][\/vc_column_inner][vc_column_inner width=&#8220;1\/3&#8243;][\/vc_column_inner][\/vc_row_inner]<div class=\"ult-spacer spacer-69edf3215e6c3\" data-id=\"69edf3215e6c3\" data-height=\"90\" data-height-mobile=\"60\" data-height-tab=\"90\" data-height-tab-portrait=\"60\" data-height-mobile-landscape=\"60\" style=\"clear:both;display:block;\"><\/div>[vc_row_inner][vc_column_inner width=&#8220;1\/2&#8243;][vc_single_image image=&#8220;3635&#8243; img_size=&#8220;full&#8220; alignment=&#8220;center&#8220;][vc_raw_html]W3RhYmxlIGlkPSIxMiIgcmVzcG9uc2l2ZT0ic3RhY2siIHJlc3BvbnNpdmVfYnJlYWtwb2ludD0icGhvbmUiIC9d[\/vc_raw_html]<div class=\"ult-spacer spacer-69edf3215e6eb\" data-id=\"69edf3215e6eb\" data-height=\"0\" data-height-mobile=\"30\" data-height-tab=\"0\" data-height-tab-portrait=\"0\" data-height-mobile-landscape=\"30\" style=\"clear:both;display:block;\"><\/div>[\/vc_column_inner][vc_column_inner width=&#8220;1\/2&#8243;][vc_single_image image=&#8220;3636&#8243; img_size=&#8220;full&#8220; alignment=&#8220;center&#8220;][vc_raw_html]W3RhYmxlIGlkPSIxMyIgcmVzcG9uc2l2ZT0ic3RhY2siIHJlc3BvbnNpdmVfYnJlYWtwb2ludD0icGhvbmUiIC9d[\/vc_raw_html][\/vc_column_inner][\/vc_row_inner]<div class=\"ult-spacer spacer-69edf3215e70d\" data-id=\"69edf3215e70d\" data-height=\"90\" data-height-mobile=\"60\" data-height-tab=\"90\" data-height-tab-portrait=\"60\" data-height-mobile-landscape=\"60\" style=\"clear:both;display:block;\"><\/div>[\/vc_column][\/vc_row][vc_row full_width=&#8220;stretch_row&#8220;][vc_column]<div class=\"ult-spacer spacer-69edf3215e72f\" data-id=\"69edf3215e72f\" data-height=\"90\" data-height-mobile=\"60\" data-height-tab=\"90\" data-height-tab-portrait=\"60\" data-height-mobile-landscape=\"60\" style=\"clear:both;display:block;\"><\/div>[vc_column_text]<\/p>\n<h2>Mietbedingungen und Konditionen<\/h2>\n<p>[\/vc_column_text][vc_empty_space height=&#8220;15px&#8220;][vc_row_inner][vc_column_inner width=&#8220;1\/2&#8243;][vc_column_text]<strong>Mietdauer und Berechnung<\/strong><br \/>\nF\u00fcr alle Mietger\u00e4te wird die Miete ab dem Tag berechnet, an dem das Mietger\u00e4t unseren Standort verl\u00e4sst, bis einschlie\u00dflich des Tages, an dem es an uns zur\u00fcckgegeben wird. Eine Stornierung kann nur mit einer Frist von mindestens 1 Tag erfolgen. Der Tagesmietpreis wird f\u00fcr den gesamten Mietzeitraum berechnet, unabh\u00e4ngig davon, ob die gemietete Ausr\u00fcstung genutzt wird oder nicht.<br \/>\nDer Tagesmietpreis wird f\u00fcr einen 8-Stunden-Arbeitstag berechnet. F\u00fcr eine zus\u00e4tzliche Nutzung wird dies vereinbart.<br \/>\nDie Zahlung erfolgt vor der Lieferung.   <\/p>\n<p><strong>Lieferung und Transport des gemieteten Produkts<\/strong><br \/>\nDer Anh\u00e4nger wird in einem betriebsbereiten und einwandfreien Zustand geliefert. Eventuelle Beanstandungen m\u00fcssen bei Erhalt erfolgen und k\u00f6nnen sp\u00e4ter nicht mehr ber\u00fccksichtigt werden. Eventuelle Transportkosten gehen zu Lasten des Mieters.  <\/p>\n<p><strong>Betriebskosten<\/strong><br \/>\nDer Mieter ist f\u00fcr alle Betriebskosten w\u00e4hrend des Mietzeitraums verantwortlich. Z.B. zus\u00e4tzliche Schmierung, zus\u00e4tzlicher Strom usw. <\/p>\n<p><strong>Wartung und R\u00fcckgabe<\/strong><br \/>\nDie gemietete Ausr\u00fcstung muss sauber und in demselben Zustand zur\u00fcckgegeben werden, in dem Sie sie erhalten haben. Nach der R\u00fcckgabe der Ausr\u00fcstung an unserem Standort findet eine Inspektion statt. Eventuelle Reparaturen und Reinigungsarbeiten gehen zu Lasten des Mieters.  <\/p>\n<p>Sch\u00e4den, die durch \u00dcberladung, unsachgem\u00e4\u00dfe Handhabung oder \u00e4hnliches entstehen, werden vom Mieter bezahlt + die normale Tagesmiete f\u00fcr die Einrichtung pro \u201eLiegetag\u201c. <\/p>\n<p>Der Mieter darf ohne unsere Zustimmung keine Reparaturen oder \u00c4nderungen vornehmen oder von anderen vornehmen lassen.[\/vc_column_text]<div class=\"ult-spacer spacer-69edf3215e75a\" data-id=\"69edf3215e75a\" data-height=\"0\" data-height-mobile=\"15\" data-height-tab=\"0\" data-height-tab-portrait=\"0\" data-height-mobile-landscape=\"15\" style=\"clear:both;display:block;\"><\/div>[\/vc_column_inner][vc_column_inner width=&#8220;1\/2&#8243;][vc_column_text]<strong>Risiko und Haftung<\/strong><br \/>\nDie Ausr\u00fcstung muss vom Mieter ordnungsgem\u00e4\u00df versichert werden. Solange die Ausr\u00fcstung nicht vom Vermieter abgeholt oder bei uns angeliefert wurde, tr\u00e4gt der Mieter das gesamte Risiko und die Haftung f\u00fcr die gemietete Ausr\u00fcstung und deren Betrieb. Der Mieter ist verpflichtet, f\u00fcr die gesamte Mietdauer eine Versicherung beim Vermieter abzuschlie\u00dfen, es sei denn, der Mieter weist nach, dass er \u00fcber eine Versicherung verf\u00fcgt, die die gemieteten Ger\u00e4te abdeckt, und dass die Pr\u00e4mie gezahlt worden ist.  <\/p>\n<p>Die Pr\u00e4mie betr\u00e4gt 6,75% des aktuellen Listenpreises &#8211; die Pr\u00e4mie wird auf den Mietpreis aufgeschlagen.<\/p>\n<ul>\n<li>Die Pr\u00e4mie deckt Feuer, Diebstahl und Vandalismus an der Ausr\u00fcstung ab.<\/li>\n<li>Alle Sch\u00e4den, die nicht vollst\u00e4ndig durch die Versicherung gedeckt sind, m\u00fcssen vom Mieter bezahlt\/ersetzt werden.<\/li>\n<li>Alle Sch\u00e4den m\u00fcssen sofort dem Vermieter gemeldet werden. Vandalismus, Diebstahl oder andere Straftaten m\u00fcssen ebenfalls bei der Polizei gemeldet werden, mit der Information, dass der Bericht innerhalb von 48 Stunden an Shop2Go gesendet wird. <\/li>\n<li>In Versicherungsf\u00e4llen bez\u00fcglich Feuer und Diebstahl haftet der Mieter nur f\u00fcr einen Selbstbehalt von DKK 10.000 pro Wohnung.<\/li>\n<li>Bei der R\u00fcckgabe eines besch\u00e4digten Anh\u00e4ngers wird die Miete fortgesetzt, bis das Ger\u00e4t repariert und mietbereit ist.<\/li>\n<li>Der Mieter tr\u00e4gt auch das Risiko von Sch\u00e4den an Zufahrtswegen, Oberfl\u00e4chenbeschichtungen, unterirdischen Anlagen und \u00c4hnlichem. Solche Sch\u00e4den sind nicht durch die beim Vermieter abgeschlossene Versicherung abgedeckt. <\/li>\n<li>Die Zahlung der Entsch\u00e4digung durch den Versicherer muss ausschlie\u00dflich an Shop2Go erfolgen.<\/li>\n<li>Hinsichtlich der Haftung f\u00fcr die gef\u00e4hrlichen Eigenschaften des gemieteten Produkts wird auf das jeweils g\u00fcltige Produkthaftungsgesetz verwiesen.<\/li>\n<\/ul>\n<p>[\/vc_column_text][\/vc_column_inner][\/vc_row_inner]<div class=\"ult-spacer spacer-69edf3215e785\" data-id=\"69edf3215e785\" data-height=\"90\" data-height-mobile=\"60\" data-height-tab=\"90\" data-height-tab-portrait=\"60\" data-height-mobile-landscape=\"60\" style=\"clear:both;display:block;\"><\/div>[\/vc_column][\/vc_row][vc_row full_width=&#8220;stretch_row&#8220; css=&#8220;.vc_custom_1671614228737{background-image: url(https:\/\/shop2go.dk\/wp-content\/uploads\/2022\/12\/241151-hirtshals-transport-center.jpg?id=3483) !important;background-position: center !important;background-repeat: no-repeat !important;background-size: cover !important;}&#8220; el_class=&#8220;parallax&#8220;][vc_column]<div class=\"ult-spacer spacer-69edf3215e7a4\" data-id=\"69edf3215e7a4\" data-height=\"90\" data-height-mobile=\"60\" data-height-tab=\"90\" data-height-tab-portrait=\"60\" data-height-mobile-landscape=\"60\" style=\"clear:both;display:block;\"><\/div>[vc_row_inner][vc_column_inner width=&#8220;1\/4&#8243;][\/vc_column_inner][vc_column_inner width=&#8220;1\/2&#8243; css=&#8220;.vc_custom_1580212899553{padding-top: 40px !important;padding-right: 40px !important;padding-bottom: 40px !important;padding-left: 40px !important;background-color: rgba(255,255,255,0.85) !important;*background-color: rgb(255,255,255) !important;}&#8220;][vc_column_text]<\/p>\n<h3 style=\"text-align: center;\">Kontaktieren Sie uns<\/h3>\n<p style=\"text-align: center;\">Haben Sie Fragen oder Anmerkungen?<\/p>\n<p>[\/vc_column_text][vc_empty_space height=&#8220;30px&#8220;][vc_btn title=&#8220;Kontaktieren Sie uns&#8220; style=&#8220;custom&#8220; custom_background=&#8220;#008c33&#8243; custom_text=&#8220;#ffffff&#8220; shape=&#8220;square&#8220; size=&#8220;sm&#8220; align=&#8220;center&#8220; link=&#8220;url:https%3A%2F%2Fshop2go.dk%2Fde%2Fkontaktieren-sie-uns%2F|title:Kontaktieren%20Sie%20uns|&#8220;][\/vc_column_inner][vc_column_inner width=&#8220;1\/4&#8243;][\/vc_column_inner][\/vc_row_inner]<div class=\"ult-spacer spacer-69edf3215e7cd\" data-id=\"69edf3215e7cd\" data-height=\"90\" data-height-mobile=\"60\" data-height-tab=\"90\" data-height-tab-portrait=\"60\" data-height-mobile-landscape=\"60\" style=\"clear:both;display:block;\"><\/div>[\/vc_column][\/vc_row]<\/p>\n<\/section>","protected":false},"excerpt":{"rendered":"<p>[vc_row full_width=&#8220;stretch_row&#8220;][vc_column][vc_column_text] Anh\u00e4nger mieten [\/vc_column_text][vc_empty_space height=&#8220;15px&#8220;][vc_row_inner][vc_column_inner width=&#8220;1\/2&#8243;][vc_column_text]Mieten Sie einen Anh\u00e4nger f\u00fcr Gro\u00dfes und Kleines Vielleicht m\u00fcssen Sie umziehen, Gartenabf\u00e4lle transportieren oder einen Ausflug zum Recyclinghof machen. Was auch immer Ihre Bed\u00fcrfnisse und W\u00fcnsche sind, Sie k\u00f6nnen bei Shop2Go einen passenden Anh\u00e4nger mieten. Wir bieten vier verschiedene Anh\u00e4ngertypen an.[\/vc_column_text][\/vc_column_inner][vc_column_inner width=&#8220;1\/2&#8243;][\/vc_column_inner][\/vc_row_inner][\/vc_column][\/vc_row][vc_row full_width=&#8220;stretch_row&#8220; css=&#8220;.vc_custom_1671615302421{background-color: #f7f7f7 !important;}&#8220;][vc_column][vc_row_inner][vc_column_inner width=&#8220;1\/3&#8243;][vc_column_text] Umzugswagen &#8230; <a title=\"Anh\u00e4nger mieten\" class=\"read-more\" href=\"https:\/\/shop2go.dk\/de\/anhaenger-mieten\/\" aria-label=\"Mehr Informationen \u00fcber Anh\u00e4nger mieten\">Weiterlesen &#8230;<\/a><\/p>\n","protected":false},"author":1,"featured_media":0,"parent":0,"menu_order":3,"comment_status":"closed","ping_status":"closed","template":"","meta":{"_acf_changed":false,"footnotes":""},"categories":[],"acf":[],"yoast_head":"<!-- This site is optimized with the Yoast SEO plugin v22.2 - https:\/\/yoast.com\/wordpress\/plugins\/seo\/ -->\n<title>Anh\u00e4nger mieten &#183; Shop2go ApS<\/title>\n<meta name=\"robots\" content=\"index, follow, max-snippet:-1, max-image-preview:large, max-video-preview:-1\" \/>\n<link rel=\"canonical\" href=\"https:\/\/shop2go.dk\/de\/anhaenger-mieten\/\" \/>\n<meta property=\"og:locale\" content=\"de_DE\" \/>\n<meta property=\"og:type\" content=\"article\" \/>\n<meta property=\"og:title\" content=\"Anh\u00e4nger mieten &#183; Shop2go ApS\" \/>\n<meta property=\"og:description\" content=\"[vc_row full_width=&#8220;stretch_row&#8220;][vc_column][vc_column_text] Anh\u00e4nger mieten [\/vc_column_text][vc_empty_space height=&#8220;15px&#8220;][vc_row_inner][vc_column_inner width=&#8220;1\/2&#8243;][vc_column_text]Mieten Sie einen Anh\u00e4nger f\u00fcr Gro\u00dfes und Kleines Vielleicht m\u00fcssen Sie umziehen, Gartenabf\u00e4lle transportieren oder einen Ausflug zum Recyclinghof machen. Was auch immer Ihre Bed\u00fcrfnisse und W\u00fcnsche sind, Sie k\u00f6nnen bei Shop2Go einen passenden Anh\u00e4nger mieten. Wir bieten vier verschiedene Anh\u00e4ngertypen an.[\/vc_column_text][\/vc_column_inner][vc_column_inner width=&#8220;1\/2&#8243;][\/vc_column_inner][\/vc_row_inner][\/vc_column][\/vc_row][vc_row full_width=&#8220;stretch_row&#8220; css=&#8220;.vc_custom_1671615302421{background-color: #f7f7f7 !important;}&#8220;][vc_column][vc_row_inner][vc_column_inner width=&#8220;1\/3&#8243;][vc_column_text] Umzugswagen ... Weiterlesen ...\" \/>\n<meta property=\"og:url\" content=\"https:\/\/shop2go.dk\/de\/anhaenger-mieten\/\" \/>\n<meta property=\"og:site_name\" content=\"Shop2go ApS\" \/>\n<meta property=\"article:modified_time\" content=\"2025-06-24T07:35:14+00:00\" \/>\n<meta name=\"twitter:card\" content=\"summary_large_image\" \/>\n<meta name=\"twitter:label1\" content=\"Gesch\u00e4tzte Lesezeit\" \/>\n\t<meta name=\"twitter:data1\" content=\"7\u00a0Minuten\" \/>\n<script type=\"application\/ld+json\" class=\"yoast-schema-graph\">{\"@context\":\"https:\/\/schema.org\",\"@graph\":[{\"@type\":\"WebPage\",\"@id\":\"https:\/\/shop2go.dk\/de\/anhaenger-mieten\/\",\"url\":\"https:\/\/shop2go.dk\/de\/anhaenger-mieten\/\",\"name\":\"Anh\u00e4nger mieten &#183; Shop2go ApS\",\"isPartOf\":{\"@id\":\"https:\/\/shop2go.dk\/de\/#website\"},\"datePublished\":\"2022-12-21T08:32:26+00:00\",\"dateModified\":\"2025-06-24T07:35:14+00:00\",\"breadcrumb\":{\"@id\":\"https:\/\/shop2go.dk\/de\/anhaenger-mieten\/#breadcrumb\"},\"inLanguage\":\"de\",\"potentialAction\":[{\"@type\":\"ReadAction\",\"target\":[\"https:\/\/shop2go.dk\/de\/anhaenger-mieten\/\"]}]},{\"@type\":\"BreadcrumbList\",\"@id\":\"https:\/\/shop2go.dk\/de\/anhaenger-mieten\/#breadcrumb\",\"itemListElement\":[{\"@type\":\"ListItem\",\"position\":1,\"name\":\"Hjem\",\"item\":\"https:\/\/shop2go.dk\/de\/hauptseite\/\"},{\"@type\":\"ListItem\",\"position\":2,\"name\":\"Anh\u00e4nger mieten\"}]},{\"@type\":\"WebSite\",\"@id\":\"https:\/\/shop2go.dk\/de\/#website\",\"url\":\"https:\/\/shop2go.dk\/de\/\",\"name\":\"Shop2go ApS\",\"description\":\"Shop, tank, alkohol, bilvask, og cafe - alt under \u00e9t tag\",\"publisher\":{\"@id\":\"https:\/\/shop2go.dk\/de\/#organization\"},\"potentialAction\":[{\"@type\":\"SearchAction\",\"target\":{\"@type\":\"EntryPoint\",\"urlTemplate\":\"https:\/\/shop2go.dk\/de\/?s={search_term_string}\"},\"query-input\":\"required name=search_term_string\"}],\"inLanguage\":\"de\"},{\"@type\":\"Organization\",\"@id\":\"https:\/\/shop2go.dk\/de\/#organization\",\"name\":\"Shop2go ApS\",\"url\":\"https:\/\/shop2go.dk\/de\/\",\"logo\":{\"@type\":\"ImageObject\",\"inLanguage\":\"de\",\"@id\":\"https:\/\/shop2go.dk\/de\/#\/schema\/logo\/image\/\",\"url\":\"https:\/\/shop2go.dk\/wp-content\/uploads\/2022\/12\/logo-shop2go.png\",\"contentUrl\":\"https:\/\/shop2go.dk\/wp-content\/uploads\/2022\/12\/logo-shop2go.png\",\"width\":106,\"height\":73,\"caption\":\"Shop2go ApS\"},\"image\":{\"@id\":\"https:\/\/shop2go.dk\/de\/#\/schema\/logo\/image\/\"}}]}<\/script>\n<!-- \/ Yoast SEO plugin. -->","yoast_head_json":{"title":"Anh\u00e4nger mieten &#183; Shop2go ApS","robots":{"index":"index","follow":"follow","max-snippet":"max-snippet:-1","max-image-preview":"max-image-preview:large","max-video-preview":"max-video-preview:-1"},"canonical":"https:\/\/shop2go.dk\/de\/anhaenger-mieten\/","og_locale":"de_DE","og_type":"article","og_title":"Anh\u00e4nger mieten &#183; Shop2go ApS","og_description":"[vc_row full_width=&#8220;stretch_row&#8220;][vc_column][vc_column_text] Anh\u00e4nger mieten [\/vc_column_text][vc_empty_space height=&#8220;15px&#8220;][vc_row_inner][vc_column_inner width=&#8220;1\/2&#8243;][vc_column_text]Mieten Sie einen Anh\u00e4nger f\u00fcr Gro\u00dfes und Kleines Vielleicht m\u00fcssen Sie umziehen, Gartenabf\u00e4lle transportieren oder einen Ausflug zum Recyclinghof machen. Was auch immer Ihre Bed\u00fcrfnisse und W\u00fcnsche sind, Sie k\u00f6nnen bei Shop2Go einen passenden Anh\u00e4nger mieten. Wir bieten vier verschiedene Anh\u00e4ngertypen an.[\/vc_column_text][\/vc_column_inner][vc_column_inner width=&#8220;1\/2&#8243;][\/vc_column_inner][\/vc_row_inner][\/vc_column][\/vc_row][vc_row full_width=&#8220;stretch_row&#8220; css=&#8220;.vc_custom_1671615302421{background-color: #f7f7f7 !important;}&#8220;][vc_column][vc_row_inner][vc_column_inner width=&#8220;1\/3&#8243;][vc_column_text] Umzugswagen ... Weiterlesen ...","og_url":"https:\/\/shop2go.dk\/de\/anhaenger-mieten\/","og_site_name":"Shop2go ApS","article_modified_time":"2025-06-24T07:35:14+00:00","twitter_card":"summary_large_image","twitter_misc":{"Gesch\u00e4tzte Lesezeit":"7\u00a0Minuten"},"schema":{"@context":"https:\/\/schema.org","@graph":[{"@type":"WebPage","@id":"https:\/\/shop2go.dk\/de\/anhaenger-mieten\/","url":"https:\/\/shop2go.dk\/de\/anhaenger-mieten\/","name":"Anh\u00e4nger mieten &#183; Shop2go ApS","isPartOf":{"@id":"https:\/\/shop2go.dk\/de\/#website"},"datePublished":"2022-12-21T08:32:26+00:00","dateModified":"2025-06-24T07:35:14+00:00","breadcrumb":{"@id":"https:\/\/shop2go.dk\/de\/anhaenger-mieten\/#breadcrumb"},"inLanguage":"de","potentialAction":[{"@type":"ReadAction","target":["https:\/\/shop2go.dk\/de\/anhaenger-mieten\/"]}]},{"@type":"BreadcrumbList","@id":"https:\/\/shop2go.dk\/de\/anhaenger-mieten\/#breadcrumb","itemListElement":[{"@type":"ListItem","position":1,"name":"Hjem","item":"https:\/\/shop2go.dk\/de\/hauptseite\/"},{"@type":"ListItem","position":2,"name":"Anh\u00e4nger mieten"}]},{"@type":"WebSite","@id":"https:\/\/shop2go.dk\/de\/#website","url":"https:\/\/shop2go.dk\/de\/","name":"Shop2go ApS","description":"Shop, tank, alkohol, bilvask, og cafe - alt under \u00e9t tag","publisher":{"@id":"https:\/\/shop2go.dk\/de\/#organization"},"potentialAction":[{"@type":"SearchAction","target":{"@type":"EntryPoint","urlTemplate":"https:\/\/shop2go.dk\/de\/?s={search_term_string}"},"query-input":"required name=search_term_string"}],"inLanguage":"de"},{"@type":"Organization","@id":"https:\/\/shop2go.dk\/de\/#organization","name":"Shop2go ApS","url":"https:\/\/shop2go.dk\/de\/","logo":{"@type":"ImageObject","inLanguage":"de","@id":"https:\/\/shop2go.dk\/de\/#\/schema\/logo\/image\/","url":"https:\/\/shop2go.dk\/wp-content\/uploads\/2022\/12\/logo-shop2go.png","contentUrl":"https:\/\/shop2go.dk\/wp-content\/uploads\/2022\/12\/logo-shop2go.png","width":106,"height":73,"caption":"Shop2go ApS"},"image":{"@id":"https:\/\/shop2go.dk\/de\/#\/schema\/logo\/image\/"}}]}},"_links":{"self":[{"href":"https:\/\/shop2go.dk\/de\/wp-json\/wp\/v2\/pages\/3816"}],"collection":[{"href":"https:\/\/shop2go.dk\/de\/wp-json\/wp\/v2\/pages"}],"about":[{"href":"https:\/\/shop2go.dk\/de\/wp-json\/wp\/v2\/types\/page"}],"author":[{"embeddable":true,"href":"https:\/\/shop2go.dk\/de\/wp-json\/wp\/v2\/users\/1"}],"replies":[{"embeddable":true,"href":"https:\/\/shop2go.dk\/de\/wp-json\/wp\/v2\/comments?post=3816"}],"version-history":[{"count":3,"href":"https:\/\/shop2go.dk\/de\/wp-json\/wp\/v2\/pages\/3816\/revisions"}],"predecessor-version":[{"id":3834,"href":"https:\/\/shop2go.dk\/de\/wp-json\/wp\/v2\/pages\/3816\/revisions\/3834"}],"wp:attachment":[{"href":"https:\/\/shop2go.dk\/de\/wp-json\/wp\/v2\/media?parent=3816"}],"wp:term":[{"taxonomy":"category","embeddable":true,"href":"https:\/\/shop2go.dk\/de\/wp-json\/wp\/v2\/categories?post=3816"}],"curies":[{"name":"wp","href":"https:\/\/api.w.org\/{rel}","templated":true}]}}