{"id":3835,"date":"2022-12-21T09:32:27","date_gmt":"2022-12-21T08:32:27","guid":{"rendered":"https:\/\/shop2go.dk\/ueber-uns\/"},"modified":"2025-06-24T09:35:21","modified_gmt":"2025-06-24T07:35:21","slug":"ueber-uns","status":"publish","type":"page","link":"https:\/\/shop2go.dk\/de\/ueber-uns\/","title":{"rendered":"\u00dcber uns"},"content":{"rendered":"<section class=\"wpb-content-wrapper\"><p>[vc_row full_width=&#8220;stretch_row&#8220;][vc_column]<div class=\"ult-spacer spacer-69ede2584e351\" data-id=\"69ede2584e351\" data-height=\"90\" data-height-mobile=\"60\" data-height-tab=\"90\" data-height-tab-portrait=\"60\" data-height-mobile-landscape=\"60\" style=\"clear:both;display:block;\"><\/div>[vc_column_text]<\/p>\n<h1>\u00dcber uns<\/h1>\n<p>[\/vc_column_text][vc_empty_space height=&#8220;15px&#8220;][vc_row_inner][vc_column_inner width=&#8220;1\/2&#8243;][vc_column_text]Shop2Go ist eine Tankstelle, ein Gesch\u00e4ft (gro\u00dfer Kiosk\/Laden), eine Autowaschanlage und eine Cafeteria. Wir f\u00fchren \u00fcber 600 Sorten Wein und Spirituosen, verkaufen aber auch Bier\/Wasser, Tabakwaren, S\u00fc\u00dfwaren, Autozubeh\u00f6r sowie K\u00fchl- und Tiefk\u00fchlwaren.<\/p>\n<p>Neben frisch gebackenem Brot, Trinkgeld, Lotto und \u00fcber 25 modernen Spielautomaten.<\/p>\n<p>Wir haben alles, was Sie unterwegs brauchen und mehr.<\/p>\n<p>Sie k\u00f6nnen auch Zimmer, Langzeitparkpl\u00e4tze und Stellpl\u00e4tze f\u00fcr Wohnmobile und Wohnwagen mieten.[\/vc_column_text]<div class=\"ult-spacer spacer-69ede2584e39c\" data-id=\"69ede2584e39c\" data-height=\"0\" data-height-mobile=\"15\" data-height-tab=\"0\" data-height-tab-portrait=\"0\" data-height-mobile-landscape=\"15\" style=\"clear:both;display:block;\"><\/div>[\/vc_column_inner][vc_column_inner width=&#8220;1\/2&#8243;][vc_column_text]<strong>Shop2Go ist Teil des Hirtshals Transport Centre (HTC)<\/strong><\/p>\n<p>Hier &#8211; am Ende der Aalborg-Hirtshals-Autobahn E39, wo sich Land- und Schienenverkehr mit dem Seeverkehr abwechseln, finden Sie alles.<\/p>\n<p>HTC &#8211; Hirtshals Transport Centre hat viele Angebote f\u00fcr die vielen Lastwagen, die jeden Tag in Hirtshals ankommen. Neben der Fahrerlounge, den Toiletten und Duschen befindet sich in dem Geb\u00e4ude auch die Zollstelle f\u00fcr Zollpapiere, Musterkennzeichen, zollfreie Ausfuhren usw.<\/p>\n<p>Die Reedereien Color Line &amp; Fjord Line sind f\u00fcr den Frachtumschlag und den Fahrkartenverkauf f\u00fcr LKWs, die Zahlung der Stra\u00dfensteuer usw. vertreten. Eine Reihe anderer Speditionsunternehmen ist ebenfalls an der Adresse angesiedelt, ebenso wie LKW-Diesel und AdBlue-Anlagen.[\/vc_column_text][\/vc_column_inner][\/vc_row_inner]<div class=\"ult-spacer spacer-69ede2584e3c5\" data-id=\"69ede2584e3c5\" data-height=\"90\" data-height-mobile=\"60\" data-height-tab=\"90\" data-height-tab-portrait=\"60\" data-height-mobile-landscape=\"60\" style=\"clear:both;display:block;\"><\/div>[\/vc_column][\/vc_row][vc_row full_width=&#8220;stretch_row&#8220; css=&#8220;.vc_custom_1671614228737{background-image: url(https:\/\/shop2go.dk\/wp-content\/uploads\/2022\/12\/241151-hirtshals-transport-center.jpg?id=3483) !important;background-position: center !important;background-repeat: no-repeat !important;background-size: cover !important;}&#8220; el_class=&#8220;parallax&#8220;][vc_column]<div class=\"ult-spacer spacer-69ede2584e3e8\" data-id=\"69ede2584e3e8\" data-height=\"90\" data-height-mobile=\"60\" data-height-tab=\"90\" data-height-tab-portrait=\"60\" data-height-mobile-landscape=\"60\" style=\"clear:both;display:block;\"><\/div>[vc_row_inner][vc_column_inner width=&#8220;1\/4&#8243;][\/vc_column_inner][vc_column_inner width=&#8220;1\/2&#8243; css=&#8220;.vc_custom_1580212899553{padding-top: 40px !important;padding-right: 40px !important;padding-bottom: 40px !important;padding-left: 40px !important;background-color: rgba(255,255,255,0.85) !important;*background-color: rgb(255,255,255) !important;}&#8220;][vc_column_text]<\/p>\n<h3 style=\"text-align: center;\">Kontaktieren Sie uns<\/h3>\n<p style=\"text-align: center;\">Haben Sie Fragen oder Anmerkungen?<\/p>\n<p>[\/vc_column_text][vc_empty_space height=&#8220;30px&#8220;][vc_btn title=&#8220;Kontaktieren Sie uns&#8220; style=&#8220;custom&#8220; custom_background=&#8220;#008c33&#8243; custom_text=&#8220;#ffffff&#8220; shape=&#8220;square&#8220; size=&#8220;sm&#8220; align=&#8220;center&#8220; link=&#8220;url:https%3A%2F%2Fshop2go.dk%2Fde%2Fkontaktieren-sie-uns%2F|title:Kontaktieren%20Sie%20uns|&#8220;][\/vc_column_inner][vc_column_inner width=&#8220;1\/4&#8243;][\/vc_column_inner][\/vc_row_inner]<div class=\"ult-spacer spacer-69ede2584e412\" data-id=\"69ede2584e412\" data-height=\"90\" data-height-mobile=\"60\" data-height-tab=\"90\" data-height-tab-portrait=\"60\" data-height-mobile-landscape=\"60\" style=\"clear:both;display:block;\"><\/div>[\/vc_column][\/vc_row]<\/p>\n<\/section>","protected":false},"excerpt":{"rendered":"<p>[vc_row full_width=&#8220;stretch_row&#8220;][vc_column][vc_column_text] \u00dcber uns [\/vc_column_text][vc_empty_space height=&#8220;15px&#8220;][vc_row_inner][vc_column_inner width=&#8220;1\/2&#8243;][vc_column_text]Shop2Go ist eine Tankstelle, ein Gesch\u00e4ft (gro\u00dfer Kiosk\/Laden), eine Autowaschanlage und eine Cafeteria. Wir f\u00fchren \u00fcber 600 Sorten Wein und Spirituosen, verkaufen aber auch Bier\/Wasser, Tabakwaren, S\u00fc\u00dfwaren, Autozubeh\u00f6r sowie K\u00fchl- und Tiefk\u00fchlwaren. Neben frisch gebackenem Brot, Trinkgeld, Lotto und \u00fcber 25 modernen Spielautomaten. Wir haben alles, was Sie unterwegs &#8230; <a title=\"\u00dcber uns\" class=\"read-more\" href=\"https:\/\/shop2go.dk\/de\/ueber-uns\/\" aria-label=\"Mehr Informationen \u00fcber \u00dcber uns\">Weiterlesen &#8230;<\/a><\/p>\n","protected":false},"author":1,"featured_media":0,"parent":0,"menu_order":7,"comment_status":"closed","ping_status":"closed","template":"","meta":{"_acf_changed":false,"footnotes":""},"categories":[],"acf":[],"yoast_head":"<!-- This site is optimized with the Yoast SEO plugin v22.2 - https:\/\/yoast.com\/wordpress\/plugins\/seo\/ -->\n<title>\u00dcber uns &#183; Shop2go ApS<\/title>\n<meta name=\"robots\" content=\"index, follow, max-snippet:-1, max-image-preview:large, max-video-preview:-1\" \/>\n<link rel=\"canonical\" href=\"https:\/\/shop2go.dk\/de\/ueber-uns\/\" \/>\n<meta property=\"og:locale\" content=\"de_DE\" \/>\n<meta property=\"og:type\" content=\"article\" \/>\n<meta property=\"og:title\" content=\"\u00dcber uns &#183; Shop2go ApS\" \/>\n<meta property=\"og:description\" content=\"[vc_row full_width=&#8220;stretch_row&#8220;][vc_column][vc_column_text] \u00dcber uns [\/vc_column_text][vc_empty_space height=&#8220;15px&#8220;][vc_row_inner][vc_column_inner width=&#8220;1\/2&#8243;][vc_column_text]Shop2Go ist eine Tankstelle, ein Gesch\u00e4ft (gro\u00dfer Kiosk\/Laden), eine Autowaschanlage und eine Cafeteria. Wir f\u00fchren \u00fcber 600 Sorten Wein und Spirituosen, verkaufen aber auch Bier\/Wasser, Tabakwaren, S\u00fc\u00dfwaren, Autozubeh\u00f6r sowie K\u00fchl- und Tiefk\u00fchlwaren. Neben frisch gebackenem Brot, Trinkgeld, Lotto und \u00fcber 25 modernen Spielautomaten. Wir haben alles, was Sie unterwegs ... Weiterlesen ...\" \/>\n<meta property=\"og:url\" content=\"https:\/\/shop2go.dk\/de\/ueber-uns\/\" \/>\n<meta property=\"og:site_name\" content=\"Shop2go ApS\" \/>\n<meta property=\"article:modified_time\" content=\"2025-06-24T07:35:21+00:00\" \/>\n<meta name=\"twitter:card\" content=\"summary_large_image\" \/>\n<meta name=\"twitter:label1\" content=\"Gesch\u00e4tzte Lesezeit\" \/>\n\t<meta name=\"twitter:data1\" content=\"2\u00a0Minuten\" \/>\n<script type=\"application\/ld+json\" class=\"yoast-schema-graph\">{\"@context\":\"https:\/\/schema.org\",\"@graph\":[{\"@type\":\"WebPage\",\"@id\":\"https:\/\/shop2go.dk\/de\/ueber-uns\/\",\"url\":\"https:\/\/shop2go.dk\/de\/ueber-uns\/\",\"name\":\"\u00dcber uns &#183; Shop2go ApS\",\"isPartOf\":{\"@id\":\"https:\/\/shop2go.dk\/de\/#website\"},\"datePublished\":\"2022-12-21T08:32:27+00:00\",\"dateModified\":\"2025-06-24T07:35:21+00:00\",\"breadcrumb\":{\"@id\":\"https:\/\/shop2go.dk\/de\/ueber-uns\/#breadcrumb\"},\"inLanguage\":\"de\",\"potentialAction\":[{\"@type\":\"ReadAction\",\"target\":[\"https:\/\/shop2go.dk\/de\/ueber-uns\/\"]}]},{\"@type\":\"BreadcrumbList\",\"@id\":\"https:\/\/shop2go.dk\/de\/ueber-uns\/#breadcrumb\",\"itemListElement\":[{\"@type\":\"ListItem\",\"position\":1,\"name\":\"Hjem\",\"item\":\"https:\/\/shop2go.dk\/de\/hauptseite\/\"},{\"@type\":\"ListItem\",\"position\":2,\"name\":\"\u00dcber uns\"}]},{\"@type\":\"WebSite\",\"@id\":\"https:\/\/shop2go.dk\/de\/#website\",\"url\":\"https:\/\/shop2go.dk\/de\/\",\"name\":\"Shop2go ApS\",\"description\":\"Shop, tank, alkohol, bilvask, og cafe - alt under \u00e9t tag\",\"publisher\":{\"@id\":\"https:\/\/shop2go.dk\/de\/#organization\"},\"potentialAction\":[{\"@type\":\"SearchAction\",\"target\":{\"@type\":\"EntryPoint\",\"urlTemplate\":\"https:\/\/shop2go.dk\/de\/?s={search_term_string}\"},\"query-input\":\"required name=search_term_string\"}],\"inLanguage\":\"de\"},{\"@type\":\"Organization\",\"@id\":\"https:\/\/shop2go.dk\/de\/#organization\",\"name\":\"Shop2go ApS\",\"url\":\"https:\/\/shop2go.dk\/de\/\",\"logo\":{\"@type\":\"ImageObject\",\"inLanguage\":\"de\",\"@id\":\"https:\/\/shop2go.dk\/de\/#\/schema\/logo\/image\/\",\"url\":\"https:\/\/shop2go.dk\/wp-content\/uploads\/2022\/12\/logo-shop2go.png\",\"contentUrl\":\"https:\/\/shop2go.dk\/wp-content\/uploads\/2022\/12\/logo-shop2go.png\",\"width\":106,\"height\":73,\"caption\":\"Shop2go ApS\"},\"image\":{\"@id\":\"https:\/\/shop2go.dk\/de\/#\/schema\/logo\/image\/\"}}]}<\/script>\n<!-- \/ Yoast SEO plugin. -->","yoast_head_json":{"title":"\u00dcber uns &#183; Shop2go ApS","robots":{"index":"index","follow":"follow","max-snippet":"max-snippet:-1","max-image-preview":"max-image-preview:large","max-video-preview":"max-video-preview:-1"},"canonical":"https:\/\/shop2go.dk\/de\/ueber-uns\/","og_locale":"de_DE","og_type":"article","og_title":"\u00dcber uns &#183; Shop2go ApS","og_description":"[vc_row full_width=&#8220;stretch_row&#8220;][vc_column][vc_column_text] \u00dcber uns [\/vc_column_text][vc_empty_space height=&#8220;15px&#8220;][vc_row_inner][vc_column_inner width=&#8220;1\/2&#8243;][vc_column_text]Shop2Go ist eine Tankstelle, ein Gesch\u00e4ft (gro\u00dfer Kiosk\/Laden), eine Autowaschanlage und eine Cafeteria. Wir f\u00fchren \u00fcber 600 Sorten Wein und Spirituosen, verkaufen aber auch Bier\/Wasser, Tabakwaren, S\u00fc\u00dfwaren, Autozubeh\u00f6r sowie K\u00fchl- und Tiefk\u00fchlwaren. Neben frisch gebackenem Brot, Trinkgeld, Lotto und \u00fcber 25 modernen Spielautomaten. Wir haben alles, was Sie unterwegs ... Weiterlesen ...","og_url":"https:\/\/shop2go.dk\/de\/ueber-uns\/","og_site_name":"Shop2go ApS","article_modified_time":"2025-06-24T07:35:21+00:00","twitter_card":"summary_large_image","twitter_misc":{"Gesch\u00e4tzte Lesezeit":"2\u00a0Minuten"},"schema":{"@context":"https:\/\/schema.org","@graph":[{"@type":"WebPage","@id":"https:\/\/shop2go.dk\/de\/ueber-uns\/","url":"https:\/\/shop2go.dk\/de\/ueber-uns\/","name":"\u00dcber uns &#183; Shop2go ApS","isPartOf":{"@id":"https:\/\/shop2go.dk\/de\/#website"},"datePublished":"2022-12-21T08:32:27+00:00","dateModified":"2025-06-24T07:35:21+00:00","breadcrumb":{"@id":"https:\/\/shop2go.dk\/de\/ueber-uns\/#breadcrumb"},"inLanguage":"de","potentialAction":[{"@type":"ReadAction","target":["https:\/\/shop2go.dk\/de\/ueber-uns\/"]}]},{"@type":"BreadcrumbList","@id":"https:\/\/shop2go.dk\/de\/ueber-uns\/#breadcrumb","itemListElement":[{"@type":"ListItem","position":1,"name":"Hjem","item":"https:\/\/shop2go.dk\/de\/hauptseite\/"},{"@type":"ListItem","position":2,"name":"\u00dcber uns"}]},{"@type":"WebSite","@id":"https:\/\/shop2go.dk\/de\/#website","url":"https:\/\/shop2go.dk\/de\/","name":"Shop2go ApS","description":"Shop, tank, alkohol, bilvask, og cafe - alt under \u00e9t tag","publisher":{"@id":"https:\/\/shop2go.dk\/de\/#organization"},"potentialAction":[{"@type":"SearchAction","target":{"@type":"EntryPoint","urlTemplate":"https:\/\/shop2go.dk\/de\/?s={search_term_string}"},"query-input":"required name=search_term_string"}],"inLanguage":"de"},{"@type":"Organization","@id":"https:\/\/shop2go.dk\/de\/#organization","name":"Shop2go ApS","url":"https:\/\/shop2go.dk\/de\/","logo":{"@type":"ImageObject","inLanguage":"de","@id":"https:\/\/shop2go.dk\/de\/#\/schema\/logo\/image\/","url":"https:\/\/shop2go.dk\/wp-content\/uploads\/2022\/12\/logo-shop2go.png","contentUrl":"https:\/\/shop2go.dk\/wp-content\/uploads\/2022\/12\/logo-shop2go.png","width":106,"height":73,"caption":"Shop2go ApS"},"image":{"@id":"https:\/\/shop2go.dk\/de\/#\/schema\/logo\/image\/"}}]}},"_links":{"self":[{"href":"https:\/\/shop2go.dk\/de\/wp-json\/wp\/v2\/pages\/3835"}],"collection":[{"href":"https:\/\/shop2go.dk\/de\/wp-json\/wp\/v2\/pages"}],"about":[{"href":"https:\/\/shop2go.dk\/de\/wp-json\/wp\/v2\/types\/page"}],"author":[{"embeddable":true,"href":"https:\/\/shop2go.dk\/de\/wp-json\/wp\/v2\/users\/1"}],"replies":[{"embeddable":true,"href":"https:\/\/shop2go.dk\/de\/wp-json\/wp\/v2\/comments?post=3835"}],"version-history":[{"count":2,"href":"https:\/\/shop2go.dk\/de\/wp-json\/wp\/v2\/pages\/3835\/revisions"}],"predecessor-version":[{"id":3849,"href":"https:\/\/shop2go.dk\/de\/wp-json\/wp\/v2\/pages\/3835\/revisions\/3849"}],"wp:attachment":[{"href":"https:\/\/shop2go.dk\/de\/wp-json\/wp\/v2\/media?parent=3835"}],"wp:term":[{"taxonomy":"category","embeddable":true,"href":"https:\/\/shop2go.dk\/de\/wp-json\/wp\/v2\/categories?post=3835"}],"curies":[{"name":"wp","href":"https:\/\/api.w.org\/{rel}","templated":true}]}}