{"id":3856,"date":"2022-12-21T09:32:26","date_gmt":"2022-12-21T08:32:26","guid":{"rendered":"https:\/\/shop2go.dk\/langzeitparken-langzeitparken\/"},"modified":"2025-06-24T09:36:21","modified_gmt":"2025-06-24T07:36:21","slug":"langzeitparken-langzeitparken","status":"publish","type":"page","link":"https:\/\/shop2go.dk\/de\/langzeitparken-langzeitparken\/","title":{"rendered":"Langzeitparken\/Langzeitparken"},"content":{"rendered":"<section class=\"wpb-content-wrapper\"><p>[vc_row full_width=&#8220;stretch_row&#8220;][vc_column]<div class=\"ult-spacer spacer-69ecc1c3d5c9e\" data-id=\"69ecc1c3d5c9e\" data-height=\"90\" data-height-mobile=\"60\" data-height-tab=\"90\" data-height-tab-portrait=\"60\" data-height-mobile-landscape=\"60\" style=\"clear:both;display:block;\"><\/div>[vc_column_text]<\/p>\n<h1>Langzeitparken\/Langzeitparken<\/h1>\n<p>[\/vc_column_text][vc_empty_space height=&#8220;15px&#8220;][vc_row_inner][vc_column_inner width=&#8220;1\/2&#8243;][vc_column_text]<\/p>\n<h2>Mieten Sie einen Parkplatz mit \u00dcberwachung<\/h2>\n<p>Wenn Sie Ihr Auto f\u00fcr einen kurzen oder l\u00e4ngeren Zeitraum abstellen m\u00fcssen, k\u00f6nnen wir Ihnen Parkpl\u00e4tze direkt an der Ein- und Ausfahrt zur Autobahn E39 anbieten. Neben dem <strong>video\u00fcberwachten Parkplatz<\/strong> gibt es Einrichtungen wie eine Tankstelle, eine Autowaschanlage, einen Shop2Go-Shop und eine Cafeteria. <\/p>\n<p>Sie bezahlen und registrieren sich im Gesch\u00e4ft und man wird Ihnen sagen, wo Sie parken k\u00f6nnen. Das Gesch\u00e4ft ist jeden Tag von 07:00 bis 22:00 Uhr ge\u00f6ffnet, aber Sie k\u00f6nnen Ihr Auto auch zu jeder anderen Tageszeit abholen. <\/p>\n<h2><span lang=\"en\" data-olk-copy-source=\"MessageBody\">Mieten Sie einen Parkplatz mit \u00dcberwachung<\/span><\/h2>\n<p><span lang=\"en\">Wenn Sie Ihr Auto f\u00fcr einen kurzen oder l\u00e4ngeren Zeitraum abstellen m\u00fcssen, bieten wir Ihnen Parkpl\u00e4tze direkt an der Ausfahrt und Zufahrt zur E39. <strong>Neben einem video\u00fcberwachten Parkplatz<\/strong> stehen Ihnen Einrichtungen wie eine Tankstelle, eine Waschhalle, ein Shop2Go und eine Cafeteria zur Verf\u00fcgung.<\/span><\/p>\n<p><span lang=\"en\">Sie bezahlen und registrieren sich im Gesch\u00e4ft und man sagt Ihnen, wo Sie parken k\u00f6nnen. Das Gesch\u00e4ft ist jeden Tag von 07.00 bis 22.00 Uhr ge\u00f6ffnet, aber Sie k\u00f6nnen das Auto zu jeder Tageszeit abholen. <\/span>[\/vc_column_text]<div class=\"ult-spacer spacer-69ecc1c3d5cec\" data-id=\"69ecc1c3d5cec\" data-height=\"0\" data-height-mobile=\"15\" data-height-tab=\"0\" data-height-tab-portrait=\"0\" data-height-mobile-landscape=\"15\" style=\"clear:both;display:block;\"><\/div>[\/vc_column_inner][vc_column_inner width=&#8220;1\/2&#8243;][vc_column_text]<\/p>\n<div class=\"wpb_text_column wpb_content_element \">\n<div class=\"wpb_wrapper\">\n<p>Dar\u00fcber hinaus ist die Entfernung zu den F\u00e4hren und dem Zentrum von Hirtshals perfekt.<\/p>\n<p>Die Adresse lautet Dalsagervej 1, 9850 Hirtshals. Das Parken wird bei Shop2Go organisiert und bezahlt. <\/p>\n<p>Wenn Sie Fragen haben, senden Sie bitte eine E-Mail an <a href=\"mailto:hs@htc.dk\" data-linkindex=\"0\">hs@htc.dk.<\/a><\/p>\n<p><strong>Alle Buchungen von Autos, Anh\u00e4ngern usw. m\u00fcssen hier gebucht werden.<\/strong><\/p>\n<p data-start=\"39\" data-end=\"125\">Au\u00dferdem liegt es perfekt in der N\u00e4he der F\u00e4hren und des Zentrums von Hirtshals.<\/p>\n<p data-start=\"127\" data-end=\"222\">Die Adresse lautet Dalsagervej 1, 9850 Hirtshals. Das Parken muss bei Shop2Go organisiert und bezahlt werden. <\/p>\n<p data-start=\"224\" data-end=\"275\">Wenn Sie Fragen haben, k\u00f6nnen Sie eine E-Mail an <a class=\"cursor-pointer\" rel=\"noopener\" data-start=\"265\" data-end=\"274\">hs@htc.dk senden.<\/a><\/p>\n<p data-start=\"277\" data-end=\"333\" data-is-last-node=\"\" data-is-only-node=\"\"><strong>Alle Buchungen von Autos, Anh\u00e4ngern usw. m\u00fcssen hier vorgenommen werden.<\/strong><\/p>\n<\/div>\n<\/div>\n<div class=\"wpb_text_column wpb_content_element \">\n<div class=\"wpb_wrapper\">\n<h3>Parken buchen<\/h3>\n<\/div>\n<\/div>\n<p>[\/vc_column_text][vc_empty_space height=&#8220;15px&#8220;][vc_raw_html]W2Zvcm1pbmF0b3JfZm9ybSBpZD0iMzY0MCJd[\/vc_raw_html][\/vc_column_inner][\/vc_row_inner]<div class=\"ult-spacer spacer-69ecc1c3d5d17\" data-id=\"69ecc1c3d5d17\" data-height=\"90\" data-height-mobile=\"60\" data-height-tab=\"90\" data-height-tab-portrait=\"60\" data-height-mobile-landscape=\"60\" style=\"clear:both;display:block;\"><\/div>[\/vc_column][\/vc_row][vc_row full_width=&#8220;stretch_row&#8220;][vc_column]<div class=\"ult-spacer spacer-69ecc1c3d5d3c\" data-id=\"69ecc1c3d5d3c\" data-height=\"90\" data-height-mobile=\"60\" data-height-tab=\"90\" data-height-tab-portrait=\"60\" data-height-mobile-landscape=\"60\" style=\"clear:both;display:block;\"><\/div>[vc_row_inner][vc_column_inner width=&#8220;1\/2&#8243;][vc_column_text]<\/p>\n<h3>Parken: Fahrzeug mit Anh\u00e4nger<\/h3>\n<p>[\/vc_column_text][vc_empty_space height=&#8220;15px&#8220;][vc_single_image image=&#8220;3715&#8243; img_size=&#8220;full&#8220;][vc_empty_space height=&#8220;15px&#8220;][vc_raw_html]W3RhYmxlIGlkPSI5IiByZXNwb25zaXZlPSJzdGFjayIgcmVzcG9uc2l2ZV9icmVha3BvaW50PSJwaG9uZSIgL10K[\/vc_raw_html][vc_empty_space height=&#8220;15px&#8220;][vc_column_text]<strong>Reservierung: <\/strong><a href=\"tel:98909000\">(+45) 98 90 90 00<\/a> (7-22)[\/vc_column_text]<div class=\"ult-spacer spacer-69ecc1c3d5d5e\" data-id=\"69ecc1c3d5d5e\" data-height=\"0\" data-height-mobile=\"15\" data-height-tab=\"0\" data-height-tab-portrait=\"0\" data-height-mobile-landscape=\"15\" style=\"clear:both;display:block;\"><\/div>[\/vc_column_inner][vc_column_inner width=&#8220;1\/2&#8243;][vc_column_text]<\/p>\n<h3>Parken: Fahrzeug mit Anh\u00e4nger usw.<\/h3>\n<p>[\/vc_column_text][vc_empty_space height=&#8220;15px&#8220;][vc_single_image image=&#8220;3721&#8243; img_size=&#8220;full&#8220;][vc_empty_space height=&#8220;15px&#8220;][vc_raw_html]W3RhYmxlIGlkPSIxMCIgcmVzcG9uc2l2ZT0ic3RhY2siIHJlc3BvbnNpdmVfYnJlYWtwb2ludD0icGhvbmUiIC9dCg==[\/vc_raw_html][vc_empty_space height=&#8220;15px&#8220;][vc_column_text]<strong>Reservierung:<\/strong> <a href=\"tel:98909000\">(+45) 98 90 90 00<\/a> (7-22)[\/vc_column_text][\/vc_column_inner][\/vc_row_inner]<div class=\"ult-spacer spacer-69ecc1c3d5d80\" data-id=\"69ecc1c3d5d80\" data-height=\"90\" data-height-mobile=\"60\" data-height-tab=\"90\" data-height-tab-portrait=\"60\" data-height-mobile-landscape=\"60\" style=\"clear:both;display:block;\"><\/div>[\/vc_column][\/vc_row][vc_row full_width=&#8220;stretch_row&#8220; css=&#8220;.vc_custom_1671614228737{background-image: url(https:\/\/shop2go.dk\/wp-content\/uploads\/2022\/12\/241151-hirtshals-transport-center.jpg?id=3483) !important;background-position: center !important;background-repeat: no-repeat !important;background-size: cover !important;}&#8220; el_class=&#8220;parallax&#8220;][vc_column]<div class=\"ult-spacer spacer-69ecc1c3d5d9f\" data-id=\"69ecc1c3d5d9f\" data-height=\"90\" data-height-mobile=\"60\" data-height-tab=\"90\" data-height-tab-portrait=\"60\" data-height-mobile-landscape=\"60\" style=\"clear:both;display:block;\"><\/div>[vc_row_inner][vc_column_inner width=&#8220;1\/4&#8243;][\/vc_column_inner][vc_column_inner width=&#8220;1\/2&#8243; css=&#8220;.vc_custom_1580212899553{padding-top: 40px !important;padding-right: 40px !important;padding-bottom: 40px !important;padding-left: 40px !important;background-color: rgba(255,255,255,0.85) !important;*background-color: rgb(255,255,255) !important;}&#8220;][vc_column_text]<\/p>\n<h3 style=\"text-align: center;\">Kontaktieren Sie uns<\/h3>\n<p style=\"text-align: center;\">Haben Sie Fragen oder Anmerkungen?<\/p>\n<p>[\/vc_column_text][vc_empty_space height=&#8220;30px&#8220;][vc_btn title=&#8220;Kontaktieren Sie uns&#8220; style=&#8220;custom&#8220; custom_background=&#8220;#008c33&#8243; custom_text=&#8220;#ffffff&#8220; shape=&#8220;square&#8220; size=&#8220;sm&#8220; align=&#8220;center&#8220; link=&#8220;url:https%3A%2F%2Fshop2go.dk%2Fde%2Fkontaktieren-sie-uns%2F|title:Kontaktieren%20Sie%20uns|&#8220;][\/vc_column_inner][vc_column_inner width=&#8220;1\/4&#8243;][\/vc_column_inner][\/vc_row_inner]<div class=\"ult-spacer spacer-69ecc1c3d5dbe\" data-id=\"69ecc1c3d5dbe\" data-height=\"90\" data-height-mobile=\"60\" data-height-tab=\"90\" data-height-tab-portrait=\"60\" data-height-mobile-landscape=\"60\" style=\"clear:both;display:block;\"><\/div>[\/vc_column][\/vc_row]<\/p>\n<\/section>","protected":false},"excerpt":{"rendered":"<p>[vc_row full_width=&#8220;stretch_row&#8220;][vc_column][vc_column_text] Langzeitparken\/Langzeitparken [\/vc_column_text][vc_empty_space height=&#8220;15px&#8220;][vc_row_inner][vc_column_inner width=&#8220;1\/2&#8243;][vc_column_text] Mieten Sie einen Parkplatz mit \u00dcberwachung Wenn Sie Ihr Auto f\u00fcr einen kurzen oder l\u00e4ngeren Zeitraum abstellen m\u00fcssen, k\u00f6nnen wir Ihnen Parkpl\u00e4tze direkt an der Ein- und Ausfahrt zur Autobahn E39 anbieten. Neben dem video\u00fcberwachten Parkplatz gibt es Einrichtungen wie eine Tankstelle, eine Autowaschanlage, einen Shop2Go-Shop und eine Cafeteria. &#8230; <a title=\"Langzeitparken\/Langzeitparken\" class=\"read-more\" href=\"https:\/\/shop2go.dk\/de\/langzeitparken-langzeitparken\/\" aria-label=\"Mehr Informationen \u00fcber Langzeitparken\/Langzeitparken\">Weiterlesen &#8230;<\/a><\/p>\n","protected":false},"author":1,"featured_media":0,"parent":0,"menu_order":4,"comment_status":"closed","ping_status":"closed","template":"","meta":{"_acf_changed":false,"footnotes":""},"categories":[],"acf":[],"yoast_head":"<!-- This site is optimized with the Yoast SEO plugin v22.2 - https:\/\/yoast.com\/wordpress\/plugins\/seo\/ -->\n<title>Langzeitparken\/Langzeitparken &#183; Shop2go ApS<\/title>\n<meta name=\"robots\" content=\"index, follow, max-snippet:-1, max-image-preview:large, max-video-preview:-1\" \/>\n<link rel=\"canonical\" href=\"https:\/\/shop2go.dk\/de\/langzeitparken-langzeitparken\/\" \/>\n<meta property=\"og:locale\" content=\"de_DE\" \/>\n<meta property=\"og:type\" content=\"article\" \/>\n<meta property=\"og:title\" content=\"Langzeitparken\/Langzeitparken &#183; Shop2go ApS\" \/>\n<meta property=\"og:description\" content=\"[vc_row full_width=&#8220;stretch_row&#8220;][vc_column][vc_column_text] Langzeitparken\/Langzeitparken [\/vc_column_text][vc_empty_space height=&#8220;15px&#8220;][vc_row_inner][vc_column_inner width=&#8220;1\/2&#8243;][vc_column_text] Mieten Sie einen Parkplatz mit \u00dcberwachung Wenn Sie Ihr Auto f\u00fcr einen kurzen oder l\u00e4ngeren Zeitraum abstellen m\u00fcssen, k\u00f6nnen wir Ihnen Parkpl\u00e4tze direkt an der Ein- und Ausfahrt zur Autobahn E39 anbieten. Neben dem video\u00fcberwachten Parkplatz gibt es Einrichtungen wie eine Tankstelle, eine Autowaschanlage, einen Shop2Go-Shop und eine Cafeteria. ... Weiterlesen ...\" \/>\n<meta property=\"og:url\" content=\"https:\/\/shop2go.dk\/de\/langzeitparken-langzeitparken\/\" \/>\n<meta property=\"og:site_name\" content=\"Shop2go ApS\" \/>\n<meta property=\"article:modified_time\" content=\"2025-06-24T07:36:21+00:00\" \/>\n<meta name=\"twitter:card\" content=\"summary_large_image\" \/>\n<meta name=\"twitter:label1\" content=\"Gesch\u00e4tzte Lesezeit\" \/>\n\t<meta name=\"twitter:data1\" content=\"4\u00a0Minuten\" \/>\n<script type=\"application\/ld+json\" class=\"yoast-schema-graph\">{\"@context\":\"https:\/\/schema.org\",\"@graph\":[{\"@type\":\"WebPage\",\"@id\":\"https:\/\/shop2go.dk\/de\/langzeitparken-langzeitparken\/\",\"url\":\"https:\/\/shop2go.dk\/de\/langzeitparken-langzeitparken\/\",\"name\":\"Langzeitparken\/Langzeitparken &#183; Shop2go ApS\",\"isPartOf\":{\"@id\":\"https:\/\/shop2go.dk\/de\/#website\"},\"datePublished\":\"2022-12-21T08:32:26+00:00\",\"dateModified\":\"2025-06-24T07:36:21+00:00\",\"breadcrumb\":{\"@id\":\"https:\/\/shop2go.dk\/de\/langzeitparken-langzeitparken\/#breadcrumb\"},\"inLanguage\":\"de\",\"potentialAction\":[{\"@type\":\"ReadAction\",\"target\":[\"https:\/\/shop2go.dk\/de\/langzeitparken-langzeitparken\/\"]}]},{\"@type\":\"BreadcrumbList\",\"@id\":\"https:\/\/shop2go.dk\/de\/langzeitparken-langzeitparken\/#breadcrumb\",\"itemListElement\":[{\"@type\":\"ListItem\",\"position\":1,\"name\":\"Hjem\",\"item\":\"https:\/\/shop2go.dk\/de\/hauptseite\/\"},{\"@type\":\"ListItem\",\"position\":2,\"name\":\"Langzeitparken\/Langzeitparken\"}]},{\"@type\":\"WebSite\",\"@id\":\"https:\/\/shop2go.dk\/de\/#website\",\"url\":\"https:\/\/shop2go.dk\/de\/\",\"name\":\"Shop2go ApS\",\"description\":\"Shop, tank, alkohol, bilvask, og cafe - alt under \u00e9t tag\",\"publisher\":{\"@id\":\"https:\/\/shop2go.dk\/de\/#organization\"},\"potentialAction\":[{\"@type\":\"SearchAction\",\"target\":{\"@type\":\"EntryPoint\",\"urlTemplate\":\"https:\/\/shop2go.dk\/de\/?s={search_term_string}\"},\"query-input\":\"required name=search_term_string\"}],\"inLanguage\":\"de\"},{\"@type\":\"Organization\",\"@id\":\"https:\/\/shop2go.dk\/de\/#organization\",\"name\":\"Shop2go ApS\",\"url\":\"https:\/\/shop2go.dk\/de\/\",\"logo\":{\"@type\":\"ImageObject\",\"inLanguage\":\"de\",\"@id\":\"https:\/\/shop2go.dk\/de\/#\/schema\/logo\/image\/\",\"url\":\"https:\/\/shop2go.dk\/wp-content\/uploads\/2022\/12\/logo-shop2go.png\",\"contentUrl\":\"https:\/\/shop2go.dk\/wp-content\/uploads\/2022\/12\/logo-shop2go.png\",\"width\":106,\"height\":73,\"caption\":\"Shop2go ApS\"},\"image\":{\"@id\":\"https:\/\/shop2go.dk\/de\/#\/schema\/logo\/image\/\"}}]}<\/script>\n<!-- \/ Yoast SEO plugin. -->","yoast_head_json":{"title":"Langzeitparken\/Langzeitparken &#183; Shop2go ApS","robots":{"index":"index","follow":"follow","max-snippet":"max-snippet:-1","max-image-preview":"max-image-preview:large","max-video-preview":"max-video-preview:-1"},"canonical":"https:\/\/shop2go.dk\/de\/langzeitparken-langzeitparken\/","og_locale":"de_DE","og_type":"article","og_title":"Langzeitparken\/Langzeitparken &#183; Shop2go ApS","og_description":"[vc_row full_width=&#8220;stretch_row&#8220;][vc_column][vc_column_text] Langzeitparken\/Langzeitparken [\/vc_column_text][vc_empty_space height=&#8220;15px&#8220;][vc_row_inner][vc_column_inner width=&#8220;1\/2&#8243;][vc_column_text] Mieten Sie einen Parkplatz mit \u00dcberwachung Wenn Sie Ihr Auto f\u00fcr einen kurzen oder l\u00e4ngeren Zeitraum abstellen m\u00fcssen, k\u00f6nnen wir Ihnen Parkpl\u00e4tze direkt an der Ein- und Ausfahrt zur Autobahn E39 anbieten. Neben dem video\u00fcberwachten Parkplatz gibt es Einrichtungen wie eine Tankstelle, eine Autowaschanlage, einen Shop2Go-Shop und eine Cafeteria. ... Weiterlesen ...","og_url":"https:\/\/shop2go.dk\/de\/langzeitparken-langzeitparken\/","og_site_name":"Shop2go ApS","article_modified_time":"2025-06-24T07:36:21+00:00","twitter_card":"summary_large_image","twitter_misc":{"Gesch\u00e4tzte Lesezeit":"4\u00a0Minuten"},"schema":{"@context":"https:\/\/schema.org","@graph":[{"@type":"WebPage","@id":"https:\/\/shop2go.dk\/de\/langzeitparken-langzeitparken\/","url":"https:\/\/shop2go.dk\/de\/langzeitparken-langzeitparken\/","name":"Langzeitparken\/Langzeitparken &#183; Shop2go ApS","isPartOf":{"@id":"https:\/\/shop2go.dk\/de\/#website"},"datePublished":"2022-12-21T08:32:26+00:00","dateModified":"2025-06-24T07:36:21+00:00","breadcrumb":{"@id":"https:\/\/shop2go.dk\/de\/langzeitparken-langzeitparken\/#breadcrumb"},"inLanguage":"de","potentialAction":[{"@type":"ReadAction","target":["https:\/\/shop2go.dk\/de\/langzeitparken-langzeitparken\/"]}]},{"@type":"BreadcrumbList","@id":"https:\/\/shop2go.dk\/de\/langzeitparken-langzeitparken\/#breadcrumb","itemListElement":[{"@type":"ListItem","position":1,"name":"Hjem","item":"https:\/\/shop2go.dk\/de\/hauptseite\/"},{"@type":"ListItem","position":2,"name":"Langzeitparken\/Langzeitparken"}]},{"@type":"WebSite","@id":"https:\/\/shop2go.dk\/de\/#website","url":"https:\/\/shop2go.dk\/de\/","name":"Shop2go ApS","description":"Shop, tank, alkohol, bilvask, og cafe - alt under \u00e9t tag","publisher":{"@id":"https:\/\/shop2go.dk\/de\/#organization"},"potentialAction":[{"@type":"SearchAction","target":{"@type":"EntryPoint","urlTemplate":"https:\/\/shop2go.dk\/de\/?s={search_term_string}"},"query-input":"required name=search_term_string"}],"inLanguage":"de"},{"@type":"Organization","@id":"https:\/\/shop2go.dk\/de\/#organization","name":"Shop2go ApS","url":"https:\/\/shop2go.dk\/de\/","logo":{"@type":"ImageObject","inLanguage":"de","@id":"https:\/\/shop2go.dk\/de\/#\/schema\/logo\/image\/","url":"https:\/\/shop2go.dk\/wp-content\/uploads\/2022\/12\/logo-shop2go.png","contentUrl":"https:\/\/shop2go.dk\/wp-content\/uploads\/2022\/12\/logo-shop2go.png","width":106,"height":73,"caption":"Shop2go ApS"},"image":{"@id":"https:\/\/shop2go.dk\/de\/#\/schema\/logo\/image\/"}}]}},"_links":{"self":[{"href":"https:\/\/shop2go.dk\/de\/wp-json\/wp\/v2\/pages\/3856"}],"collection":[{"href":"https:\/\/shop2go.dk\/de\/wp-json\/wp\/v2\/pages"}],"about":[{"href":"https:\/\/shop2go.dk\/de\/wp-json\/wp\/v2\/types\/page"}],"author":[{"embeddable":true,"href":"https:\/\/shop2go.dk\/de\/wp-json\/wp\/v2\/users\/1"}],"replies":[{"embeddable":true,"href":"https:\/\/shop2go.dk\/de\/wp-json\/wp\/v2\/comments?post=3856"}],"version-history":[{"count":3,"href":"https:\/\/shop2go.dk\/de\/wp-json\/wp\/v2\/pages\/3856\/revisions"}],"predecessor-version":[{"id":3870,"href":"https:\/\/shop2go.dk\/de\/wp-json\/wp\/v2\/pages\/3856\/revisions\/3870"}],"wp:attachment":[{"href":"https:\/\/shop2go.dk\/de\/wp-json\/wp\/v2\/media?parent=3856"}],"wp:term":[{"taxonomy":"category","embeddable":true,"href":"https:\/\/shop2go.dk\/de\/wp-json\/wp\/v2\/categories?post=3856"}],"curies":[{"name":"wp","href":"https:\/\/api.w.org\/{rel}","templated":true}]}}