{"id":3865,"date":"2022-12-21T09:32:27","date_gmt":"2022-12-21T08:32:27","guid":{"rendered":"https:\/\/shop2go.dk\/wohnmobil\/"},"modified":"2025-06-24T09:36:20","modified_gmt":"2025-06-24T07:36:20","slug":"wohnmobil","status":"publish","type":"page","link":"https:\/\/shop2go.dk\/de\/wohnmobil\/","title":{"rendered":"Wohnmobil"},"content":{"rendered":"<section class=\"wpb-content-wrapper\"><p>[vc_row full_width=&#8220;stretch_row&#8220;][vc_column]<div class=\"ult-spacer spacer-69ee161200863\" data-id=\"69ee161200863\" data-height=\"90\" data-height-mobile=\"60\" data-height-tab=\"90\" data-height-tab-portrait=\"60\" data-height-mobile-landscape=\"60\" style=\"clear:both;display:block;\"><\/div>[vc_column_text]<\/p>\n<h1>Wohnmobil<\/h1>\n<p>[\/vc_column_text][vc_empty_space height=&#8220;15px&#8220;][vc_row_inner][vc_column_inner width=&#8220;1\/2&#8243;][vc_column_text]<\/p>\n<h2>G\u00fcnstiger Urlaub mit Wohnmobilen\/Wohnwagen und mehr<\/h2>\n<p>Wenn Sie auf der Durchreise nach\/von Norwegen oder im Urlaub in Nordj\u00fctland sind, k\u00f6nnen Sie sicher parken (Video\u00fcberwachung) und die Nacht im Hirtshals Transport Centre verbringen.<\/p>\n<p>Wir haben kostenlose Einrichtungen zum Leeren und F\u00fcllen von Wasser- und Abwassertanks. Elektrizit\u00e4t gegen eine Geb\u00fchr. Hochdruckreiniger gegen eine Geb\u00fchr.[\/vc_column_text]<div class=\"ult-spacer spacer-69ee1612008ac\" data-id=\"69ee1612008ac\" data-height=\"0\" data-height-mobile=\"15\" data-height-tab=\"0\" data-height-tab-portrait=\"0\" data-height-mobile-landscape=\"15\" style=\"clear:both;display:block;\"><\/div>[\/vc_column_inner][vc_column_inner width=&#8220;1\/2&#8243;][vc_column_text]Zugang zu den Toiletten 7-21.<\/p>\n<p>Steff \u0301s Cafeteria und Shop2Go (Entfernung 30 Meter)<\/p>\n<p>Kostenlose H\u00fcpfburg f\u00fcr Kinder 10-20 (wetterabh\u00e4ngig)<\/p>\n<p>Wir sind nur 2-3 Minuten von den F\u00e4hren entfernt und ganzj\u00e4hrig ge\u00f6ffnet.<\/p>\n<p> Dalsagervej<strong>1-3, 9850 &#8211; Hirtshals GPS: N 57 34 35 E 09 59 09<\/strong>[\/vc_column_text][\/vc_column_inner][\/vc_row_inner]<div class=\"ult-spacer spacer-69ee1612008d5\" data-id=\"69ee1612008d5\" data-height=\"90\" data-height-mobile=\"60\" data-height-tab=\"90\" data-height-tab-portrait=\"60\" data-height-mobile-landscape=\"60\" style=\"clear:both;display:block;\"><\/div>[\/vc_column][\/vc_row][vc_row full_width=&#8220;stretch_row&#8220; css=&#8220;.vc_custom_1671617251741{background-color: #f7f7f7 !important;}&#8220;][vc_column]<div class=\"ult-spacer spacer-69ee1612008f9\" data-id=\"69ee1612008f9\" data-height=\"90\" data-height-mobile=\"60\" data-height-tab=\"90\" data-height-tab-portrait=\"60\" data-height-mobile-landscape=\"60\" style=\"clear:both;display:block;\"><\/div>[vc_row_inner][vc_column_inner][vc_raw_html]W3RhYmxlIGlkPSIxMSIgcmVzcG9uc2l2ZT0ic3RhY2siIHJlc3BvbnNpdmVfYnJlYWtwb2ludD0icGhvbmUiIC9d[\/vc_raw_html][\/vc_column_inner][\/vc_row_inner]<div class=\"ult-spacer spacer-69ee16120091b\" data-id=\"69ee16120091b\" data-height=\"90\" data-height-mobile=\"60\" data-height-tab=\"90\" data-height-tab-portrait=\"60\" data-height-mobile-landscape=\"60\" style=\"clear:both;display:block;\"><\/div>[\/vc_column][\/vc_row][vc_row full_width=&#8220;stretch_row&#8220; css=&#8220;.vc_custom_1671614228737{background-image: url(https:\/\/shop2go.dk\/wp-content\/uploads\/2022\/12\/241151-hirtshals-transport-center.jpg?id=3483) !important;background-position: center !important;background-repeat: no-repeat !important;background-size: cover !important;}&#8220; el_class=&#8220;parallax&#8220;][vc_column]<div class=\"ult-spacer spacer-69ee16120093b\" data-id=\"69ee16120093b\" data-height=\"90\" data-height-mobile=\"60\" data-height-tab=\"90\" data-height-tab-portrait=\"60\" data-height-mobile-landscape=\"60\" style=\"clear:both;display:block;\"><\/div>[vc_row_inner][vc_column_inner width=&#8220;1\/4&#8243;][\/vc_column_inner][vc_column_inner width=&#8220;1\/2&#8243; css=&#8220;.vc_custom_1580212899553{padding-top: 40px !important;padding-right: 40px !important;padding-bottom: 40px !important;padding-left: 40px !important;background-color: rgba(255,255,255,0.85) !important;*background-color: rgb(255,255,255) !important;}&#8220;][vc_column_text]<\/p>\n<h3 style=\"text-align: center;\">Kontaktieren Sie uns<\/h3>\n<p style=\"text-align: center;\">Haben Sie Fragen oder Anmerkungen?<\/p>\n<p>[\/vc_column_text][vc_empty_space height=&#8220;30px&#8220;][vc_btn title=&#8220;Kontaktieren Sie uns&#8220; style=&#8220;custom&#8220; custom_background=&#8220;#008c33&#8243; custom_text=&#8220;#ffffff&#8220; shape=&#8220;square&#8220; size=&#8220;sm&#8220; align=&#8220;center&#8220; link=&#8220;url:https%3A%2F%2Fshop2go.dk%2Fde%2Fkontaktieren-sie-uns%2F|title:Kontaktieren%20Sie%20uns|&#8220;][\/vc_column_inner][vc_column_inner width=&#8220;1\/4&#8243;][\/vc_column_inner][\/vc_row_inner]<div class=\"ult-spacer spacer-69ee16120095a\" data-id=\"69ee16120095a\" data-height=\"90\" data-height-mobile=\"60\" data-height-tab=\"90\" data-height-tab-portrait=\"60\" data-height-mobile-landscape=\"60\" style=\"clear:both;display:block;\"><\/div>[\/vc_column][\/vc_row]<\/p>\n<\/section>","protected":false},"excerpt":{"rendered":"<p>[vc_row full_width=&#8220;stretch_row&#8220;][vc_column][vc_column_text] Wohnmobil [\/vc_column_text][vc_empty_space height=&#8220;15px&#8220;][vc_row_inner][vc_column_inner width=&#8220;1\/2&#8243;][vc_column_text] G\u00fcnstiger Urlaub mit Wohnmobilen\/Wohnwagen und mehr Wenn Sie auf der Durchreise nach\/von Norwegen oder im Urlaub in Nordj\u00fctland sind, k\u00f6nnen Sie sicher parken (Video\u00fcberwachung) und die Nacht im Hirtshals Transport Centre verbringen. Wir haben kostenlose Einrichtungen zum Leeren und F\u00fcllen von Wasser- und Abwassertanks. Elektrizit\u00e4t gegen eine Geb\u00fchr. Hochdruckreiniger &#8230; <a title=\"Wohnmobil\" class=\"read-more\" href=\"https:\/\/shop2go.dk\/de\/wohnmobil\/\" aria-label=\"Mehr Informationen \u00fcber Wohnmobil\">Weiterlesen &#8230;<\/a><\/p>\n","protected":false},"author":1,"featured_media":0,"parent":0,"menu_order":5,"comment_status":"closed","ping_status":"closed","template":"","meta":{"_acf_changed":false,"footnotes":""},"categories":[],"acf":[],"yoast_head":"<!-- This site is optimized with the Yoast SEO plugin v22.2 - https:\/\/yoast.com\/wordpress\/plugins\/seo\/ -->\n<title>Wohnmobil &#183; Shop2go ApS<\/title>\n<meta name=\"robots\" content=\"index, follow, max-snippet:-1, max-image-preview:large, max-video-preview:-1\" \/>\n<link rel=\"canonical\" href=\"https:\/\/shop2go.dk\/de\/wohnmobil\/\" \/>\n<meta property=\"og:locale\" content=\"de_DE\" \/>\n<meta property=\"og:type\" content=\"article\" \/>\n<meta property=\"og:title\" content=\"Wohnmobil &#183; Shop2go ApS\" \/>\n<meta property=\"og:description\" content=\"[vc_row full_width=&#8220;stretch_row&#8220;][vc_column][vc_column_text] Wohnmobil [\/vc_column_text][vc_empty_space height=&#8220;15px&#8220;][vc_row_inner][vc_column_inner width=&#8220;1\/2&#8243;][vc_column_text] G\u00fcnstiger Urlaub mit Wohnmobilen\/Wohnwagen und mehr Wenn Sie auf der Durchreise nach\/von Norwegen oder im Urlaub in Nordj\u00fctland sind, k\u00f6nnen Sie sicher parken (Video\u00fcberwachung) und die Nacht im Hirtshals Transport Centre verbringen. Wir haben kostenlose Einrichtungen zum Leeren und F\u00fcllen von Wasser- und Abwassertanks. Elektrizit\u00e4t gegen eine Geb\u00fchr. Hochdruckreiniger ... Weiterlesen ...\" \/>\n<meta property=\"og:url\" content=\"https:\/\/shop2go.dk\/de\/wohnmobil\/\" \/>\n<meta property=\"og:site_name\" content=\"Shop2go ApS\" \/>\n<meta property=\"article:modified_time\" content=\"2025-06-24T07:36:20+00:00\" \/>\n<meta name=\"twitter:card\" content=\"summary_large_image\" \/>\n<meta name=\"twitter:label1\" content=\"Gesch\u00e4tzte Lesezeit\" \/>\n\t<meta name=\"twitter:data1\" content=\"2\u00a0Minuten\" \/>\n<script type=\"application\/ld+json\" class=\"yoast-schema-graph\">{\"@context\":\"https:\/\/schema.org\",\"@graph\":[{\"@type\":\"WebPage\",\"@id\":\"https:\/\/shop2go.dk\/de\/wohnmobil\/\",\"url\":\"https:\/\/shop2go.dk\/de\/wohnmobil\/\",\"name\":\"Wohnmobil &#183; Shop2go ApS\",\"isPartOf\":{\"@id\":\"https:\/\/shop2go.dk\/de\/#website\"},\"datePublished\":\"2022-12-21T08:32:27+00:00\",\"dateModified\":\"2025-06-24T07:36:20+00:00\",\"breadcrumb\":{\"@id\":\"https:\/\/shop2go.dk\/de\/wohnmobil\/#breadcrumb\"},\"inLanguage\":\"de\",\"potentialAction\":[{\"@type\":\"ReadAction\",\"target\":[\"https:\/\/shop2go.dk\/de\/wohnmobil\/\"]}]},{\"@type\":\"BreadcrumbList\",\"@id\":\"https:\/\/shop2go.dk\/de\/wohnmobil\/#breadcrumb\",\"itemListElement\":[{\"@type\":\"ListItem\",\"position\":1,\"name\":\"Hjem\",\"item\":\"https:\/\/shop2go.dk\/de\/hauptseite\/\"},{\"@type\":\"ListItem\",\"position\":2,\"name\":\"Wohnmobil\"}]},{\"@type\":\"WebSite\",\"@id\":\"https:\/\/shop2go.dk\/de\/#website\",\"url\":\"https:\/\/shop2go.dk\/de\/\",\"name\":\"Shop2go ApS\",\"description\":\"Shop, tank, alkohol, bilvask, og cafe - alt under \u00e9t tag\",\"publisher\":{\"@id\":\"https:\/\/shop2go.dk\/de\/#organization\"},\"potentialAction\":[{\"@type\":\"SearchAction\",\"target\":{\"@type\":\"EntryPoint\",\"urlTemplate\":\"https:\/\/shop2go.dk\/de\/?s={search_term_string}\"},\"query-input\":\"required name=search_term_string\"}],\"inLanguage\":\"de\"},{\"@type\":\"Organization\",\"@id\":\"https:\/\/shop2go.dk\/de\/#organization\",\"name\":\"Shop2go ApS\",\"url\":\"https:\/\/shop2go.dk\/de\/\",\"logo\":{\"@type\":\"ImageObject\",\"inLanguage\":\"de\",\"@id\":\"https:\/\/shop2go.dk\/de\/#\/schema\/logo\/image\/\",\"url\":\"https:\/\/shop2go.dk\/wp-content\/uploads\/2022\/12\/logo-shop2go.png\",\"contentUrl\":\"https:\/\/shop2go.dk\/wp-content\/uploads\/2022\/12\/logo-shop2go.png\",\"width\":106,\"height\":73,\"caption\":\"Shop2go ApS\"},\"image\":{\"@id\":\"https:\/\/shop2go.dk\/de\/#\/schema\/logo\/image\/\"}}]}<\/script>\n<!-- \/ Yoast SEO plugin. -->","yoast_head_json":{"title":"Wohnmobil &#183; Shop2go ApS","robots":{"index":"index","follow":"follow","max-snippet":"max-snippet:-1","max-image-preview":"max-image-preview:large","max-video-preview":"max-video-preview:-1"},"canonical":"https:\/\/shop2go.dk\/de\/wohnmobil\/","og_locale":"de_DE","og_type":"article","og_title":"Wohnmobil &#183; Shop2go ApS","og_description":"[vc_row full_width=&#8220;stretch_row&#8220;][vc_column][vc_column_text] Wohnmobil [\/vc_column_text][vc_empty_space height=&#8220;15px&#8220;][vc_row_inner][vc_column_inner width=&#8220;1\/2&#8243;][vc_column_text] G\u00fcnstiger Urlaub mit Wohnmobilen\/Wohnwagen und mehr Wenn Sie auf der Durchreise nach\/von Norwegen oder im Urlaub in Nordj\u00fctland sind, k\u00f6nnen Sie sicher parken (Video\u00fcberwachung) und die Nacht im Hirtshals Transport Centre verbringen. Wir haben kostenlose Einrichtungen zum Leeren und F\u00fcllen von Wasser- und Abwassertanks. Elektrizit\u00e4t gegen eine Geb\u00fchr. Hochdruckreiniger ... Weiterlesen ...","og_url":"https:\/\/shop2go.dk\/de\/wohnmobil\/","og_site_name":"Shop2go ApS","article_modified_time":"2025-06-24T07:36:20+00:00","twitter_card":"summary_large_image","twitter_misc":{"Gesch\u00e4tzte Lesezeit":"2\u00a0Minuten"},"schema":{"@context":"https:\/\/schema.org","@graph":[{"@type":"WebPage","@id":"https:\/\/shop2go.dk\/de\/wohnmobil\/","url":"https:\/\/shop2go.dk\/de\/wohnmobil\/","name":"Wohnmobil &#183; Shop2go ApS","isPartOf":{"@id":"https:\/\/shop2go.dk\/de\/#website"},"datePublished":"2022-12-21T08:32:27+00:00","dateModified":"2025-06-24T07:36:20+00:00","breadcrumb":{"@id":"https:\/\/shop2go.dk\/de\/wohnmobil\/#breadcrumb"},"inLanguage":"de","potentialAction":[{"@type":"ReadAction","target":["https:\/\/shop2go.dk\/de\/wohnmobil\/"]}]},{"@type":"BreadcrumbList","@id":"https:\/\/shop2go.dk\/de\/wohnmobil\/#breadcrumb","itemListElement":[{"@type":"ListItem","position":1,"name":"Hjem","item":"https:\/\/shop2go.dk\/de\/hauptseite\/"},{"@type":"ListItem","position":2,"name":"Wohnmobil"}]},{"@type":"WebSite","@id":"https:\/\/shop2go.dk\/de\/#website","url":"https:\/\/shop2go.dk\/de\/","name":"Shop2go ApS","description":"Shop, tank, alkohol, bilvask, og cafe - alt under \u00e9t tag","publisher":{"@id":"https:\/\/shop2go.dk\/de\/#organization"},"potentialAction":[{"@type":"SearchAction","target":{"@type":"EntryPoint","urlTemplate":"https:\/\/shop2go.dk\/de\/?s={search_term_string}"},"query-input":"required name=search_term_string"}],"inLanguage":"de"},{"@type":"Organization","@id":"https:\/\/shop2go.dk\/de\/#organization","name":"Shop2go ApS","url":"https:\/\/shop2go.dk\/de\/","logo":{"@type":"ImageObject","inLanguage":"de","@id":"https:\/\/shop2go.dk\/de\/#\/schema\/logo\/image\/","url":"https:\/\/shop2go.dk\/wp-content\/uploads\/2022\/12\/logo-shop2go.png","contentUrl":"https:\/\/shop2go.dk\/wp-content\/uploads\/2022\/12\/logo-shop2go.png","width":106,"height":73,"caption":"Shop2go ApS"},"image":{"@id":"https:\/\/shop2go.dk\/de\/#\/schema\/logo\/image\/"}}]}},"_links":{"self":[{"href":"https:\/\/shop2go.dk\/de\/wp-json\/wp\/v2\/pages\/3865"}],"collection":[{"href":"https:\/\/shop2go.dk\/de\/wp-json\/wp\/v2\/pages"}],"about":[{"href":"https:\/\/shop2go.dk\/de\/wp-json\/wp\/v2\/types\/page"}],"author":[{"embeddable":true,"href":"https:\/\/shop2go.dk\/de\/wp-json\/wp\/v2\/users\/1"}],"replies":[{"embeddable":true,"href":"https:\/\/shop2go.dk\/de\/wp-json\/wp\/v2\/comments?post=3865"}],"version-history":[{"count":1,"href":"https:\/\/shop2go.dk\/de\/wp-json\/wp\/v2\/pages\/3865\/revisions"}],"predecessor-version":[{"id":3868,"href":"https:\/\/shop2go.dk\/de\/wp-json\/wp\/v2\/pages\/3865\/revisions\/3868"}],"wp:attachment":[{"href":"https:\/\/shop2go.dk\/de\/wp-json\/wp\/v2\/media?parent=3865"}],"wp:term":[{"taxonomy":"category","embeddable":true,"href":"https:\/\/shop2go.dk\/de\/wp-json\/wp\/v2\/categories?post=3865"}],"curies":[{"name":"wp","href":"https:\/\/api.w.org\/{rel}","templated":true}]}}